{"id":1291,"date":"2018-05-19T13:05:00","date_gmt":"2018-05-19T11:05:00","guid":{"rendered":"http:\/\/www.welo-hobbys.at\/erika\/?page_id=1291"},"modified":"2018-05-24T10:23:53","modified_gmt":"2018-05-24T08:23:53","slug":"impressum-datenschutz","status":"publish","type":"page","link":"https:\/\/www.welo-hobbys.at\/erika\/impressum-datenschutz\/","title":{"rendered":"Impressum + Datenschutz"},"content":{"rendered":"<header class=\"entry-header\">\n<div class=\"entry-meta\"><\/div>\n<\/header>\n<p><span style=\"font-family: Comic Sans MS, sans-serif; font-size: 14px;\">Dies ist eine rein private Homepage.<\/span><\/p>\n<p style=\"text-align: center;\"><strong><br \/>\n<\/strong><span style=\"font-family: Helvetica; font-size: 14px;\"><strong>Datenschutzerkl\u00e4rung:<\/strong><\/span><\/p>\n<p><span style=\"font-family: Helvetica; font-size: 12px;\"><strong><br \/>\n<span style=\"font-family: Helvetica;\">Grundlegendes:<\/span><br \/>\n<\/strong>Diese Datenschutzerkl\u00e4rung soll die Nutzer dieser Seite \u00fcber die Art, den Umfang und den Zweck der Erhebung und Verwendung personenbezogener Daten durch den Webseitenbetreiber informieren.<\/span><\/p>\n<p><span style=\"font-family: Helvetica; font-size: 12px;\">Der Webseitenbetreiber nimmt Ihren Datenschutz sehr ernst und behandelt Ihre personenbezogenen Daten vertraulich und entsprechend der gesetzlichen Vorschriften.Die Nutzung unserer Webseite ist in der Regel ohne Angabe personenbezogener Daten m\u00f6glich. Soweit auf unseren Seiten personenbezogene Daten (beispielsweise Name, Anschrift oder E-Mail-Adressen) erhoben werden, erfolgt dies, soweit m\u00f6glich, stets auf freiwilliger Basis.<\/span><br \/>\n<span style=\"font-family: Helvetica; font-size: 12px;\">Diese Daten werden ohne Ihre ausdr\u00fcckliche Zustimmung nicht an Dritte weitergegeben.<\/span><br \/>\n<span style=\"font-family: Helvetica; font-size: 12px;\">Da durch neue Technologien und die st\u00e4ndige Weiterentwicklung dieser Webseite \u00c4nderungen an dieser Datenschutzerkl\u00e4rung vorgenommen werden k\u00f6nnen, empfehlen wir Ihnen sich die Datenschutzerkl\u00e4rung in regelm\u00e4\u00dfigen Abst\u00e4nden wieder durchzulesen.<\/span><br \/>\n<span style=\"font-family: Helvetica; font-size: 12px;\">Definitionen der verwendeten Begriffe (z.B. \u201cpersonenbezogene Daten\u201d oder \u201cVerarbeitung\u201d) finden Sie in Art. 4 DSGVO.<\/span><\/p>\n<p><span style=\"font-family: Helvetica; font-size: 12px;\"><strong>Zugriffsdaten:<br \/>\n<\/strong>Beim Aufruf der Webseite durch Besucher werden die IP-Adressen dieser Besucher erfasst und in Logfiles gespeichert. Die IP-Adressen der Besucher Ihrer Webseiten speichern wir zur Erkennung und Abwehr von Angriffen maximal sieben Tage.<\/span><\/p>\n<p><span style=\"font-family: Helvetica; font-size: 12px;\">Folgende Daten werden durch den Webhoster World4You protokolliert:<\/span><\/p>\n<ul>\n<li><span style=\"font-family: Helvetica; font-size: 12px;\">Besuchte Webseite<\/span><\/li>\n<li><span style=\"font-family: Helvetica; font-size: 12px;\">Uhrzeit zum Zeitpunkt des Zugriffes<\/span><\/li>\n<li><span style=\"font-family: Helvetica; font-size: 12px;\">Menge der gesendeten Daten in Byte<\/span><\/li>\n<li><span style=\"font-family: Helvetica; font-size: 12px;\">Quelle\/Verweis, von welchem Sie auf die Seite gelangten<\/span><\/li>\n<li><span style=\"font-family: Helvetica; font-size: 12px;\">Verwendeter Browser<\/span><\/li>\n<li><span style=\"font-family: Helvetica; font-size: 12px;\">Verwendetes Betriebssystem<\/span><\/li>\n<li><span style=\"font-family: Helvetica; font-size: 12px;\">Verwendete IP-Adresse<\/span><\/li>\n<\/ul>\n<p><span style=\"font-family: Helvetica; font-size: 12px;\">Diese Daten sind nicht bestimmten Personen zuordenbar. Eine Zusammenf\u00fchrung dieser Daten mit anderen Datenquellen wird nicht vorgenommen. Wir behalten uns vor, diese Daten nachtr\u00e4glich zu pr\u00fcfen, wenn uns konkrete Anhaltspunkte f\u00fcr eine rechtswidrige Nutzung bekannt werden.<br \/>\nDiese Webseite verwendet keine weiteren Tools zur Erfassung von Daten und es werden auch keine Daten an Dritte weitergegeben, auch nicht zu Werbezwecken.<\/span><\/p>\n<p><span style=\"font-size: 12px; font-family: Helvetica;\"><strong>Umgang mit Kontaktdaten:<br \/>\n<\/strong>Nehmen Sie mit dem Webseitenbetreiber durch die angebotenen Kontaktm\u00f6glichkeiten Verbindung auf, werden Ihre Angaben gespeichert, damit auf diese zur Bearbeitung und Beantwortung Ihrer Anfrage zur\u00fcckgegriffen werden kann. Ohne Ihre Einwilligung werden diese Daten nicht an Dritte weitergegeben.<\/span><br \/>\n<span style=\"font-size: 12px; font-family: Helvetica;\">Wir weisen darauf hin, dass die Daten\u00fcbertragung im Internet (z.B. bei der Kommunikation per<\/span><br \/>\n<span style=\"font-size: 12px; font-family: Helvetica;\">E-Mail) Sicherheitsl\u00fccken aufweisen kann. Ein l\u00fcckenloser Schutz der Daten vor dem Zugriff durch Dritte ist nicht m\u00f6glich.<\/span><\/p>\n<p><span style=\"font-family: Helvetica; font-size: 12px;\"><strong>Haftung f\u00fcr Inhalte:<\/strong><\/span><br \/>\n<span style=\"font-family: Helvetica; font-size: 12px;\">Die Inhalte dieser Seite wurden mit gr\u00f6\u00dfter Sorgfalt erstellt. F\u00fcr die Richtigkeit, Vollst\u00e4ndigkeit und Aktualit\u00e4t der Inhalte kann jedoch keine Gew\u00e4hr \u00fcbernommen werden.<\/span><\/p>\n<p><span style=\"font-family: Helvetica; font-size: 12px;\"><strong>Kontaktformular:<\/strong><\/span><br \/>\n<span style=\"font-family: Helvetica; font-size: 12px;\">Wenn Sie uns per Kontaktformular Anfragen zukommen lassen, werden Ihre Angaben aus dem Anfrageformular inklusive der von Ihnen dort angegebenen Kontaktdaten zwecks Bearbeitung der Anfrage und f\u00fcr den Fall von Anschlussfragen bei\u00a0 uns gespeichert. Diese Daten geben wir nicht ohne Ihre Einwilligung weiter.<\/span><\/p>\n<p><span style=\"font-family: Helvetica; font-size: 12px;\"><strong>Links:<\/strong><\/span><br \/>\n<span style=\"font-family: Helvetica; font-size: 12px;\">Unsere Seite enth\u00e4lt Links zu externen Webseiten Dritter, auf deren Inhalte wir keinen Einfluss haben. Deshalb k\u00f6nnen wir f\u00fcr diese fremden Inhalte auch keine Gew\u00e4hr \u00fcbernehmen. F\u00fcr die Inhalte der verlinkten Seiten ist stets der jeweilige Anbieter oder Betreiber der Seiten verantwortlich. Eine permanente inhaltliche Kontrolle der verlinkten Seiten ist ohne konkrete Anhaltspunkte einer Rechtsverletzung nicht zumutbar. Bei Bekanntwerden von Rechtsverletzungen werde ich derartige Links umgehend entfernen.<\/span><\/p>\n<p><span style=\"font-family: Helvetica;\"><span style=\"font-size: 12px;\"><strong>\u00a0<\/strong><\/span><span style=\"font-size: 12px;\"><strong>Einsatz von YouTube-Komponenten:<br \/>\n<\/strong>Auf unserer Webseite setzen wir Komponenten (Videos) des Unternehmens YouTube, LLC 901 Cherry Ave., 94066 San Bruno, CA, USA, einem Unternehmen der Google Inc., Amphitheatre Parkway, Mountain View, CA 94043, USA, ein.<br \/>\nHierbei nutzen wir die von YouTube zur Verf\u00fcgung gestellte Option &#8220; &#8211; erweiterter Datenschutzmodus &#8211; &#8222;.<br \/>\nWenn Sie eine Seite aufrufen, die \u00fcber ein eingebettetes Video verf\u00fcgt, wird eine Verbindung zu den YouTube-Servern hergestellt und dabei der Inhalt durch Mitteilung an Ihren Browser auf der Internetseite dargestellt.<br \/>\nLaut den Angaben von YouTube werden im &#8220; &#8211; erweiterten Datenschutzmodus -&#8220; nur Daten an den YouTube-Server \u00fcbermittelt, insbesondere welche unserer Internetseiten Sie besucht haben, wenn Sie das Video anschauen. Sind Sie gleichzeitig bei YouTube eingeloggt, werden diese Informationen Ihrem Mitgliedskonto bei YouTube zugeordnet. Dies k\u00f6nnen Sie verhindern, indem Sie sich vor dem Besuch unserer Website von Ihrem Mitgliedskonto abmelden.<br \/>\nWeitere Informationen zum Datenschutz von YouTube werden von Google unter dem folgenden Link bereitgestellt:<\/span><\/span><\/p>\n<p><span style=\"font-family: Helvetica; font-size: 12px;\"><a href=\"https:\/\/www.google.de\/intl\/de\/policies\/privacy\/\">https:\/\/www.google.de\/intl\/de\/policies\/privacy\/<\/a><\/span><\/p>\n<p><span style=\"font-family: Helvetica;\"><span style=\"font-size: 12px;\"><strong>\u00a0<\/strong><\/span><span style=\"font-size: 12px;\"><strong>Cookies:<br \/>\n<\/strong><\/span><span style=\"font-size: 12px;\">Als normaler Nutzer dieser Webseite werden keine Cookies ben\u00f6tigt. Es kann jedoch nicht ausgeschlossen werden, dass durch das verwendeten Content Management System trotzdem Cookies im Hintergrund anlegt. Diese werden jedoch vom Webseiten Betreiber weder verwendet noch ausgewertet.<\/span><\/span><\/p>\n<p><span style=\"font-family: Helvetica;\"><span style=\"font-size: 12px;\"><strong>\u00a0<\/strong><\/span><span style=\"font-size: 12px;\"><strong>Rechte des Nutzers:<br \/>\n<\/strong><\/span><span style=\"font-size: 12px;\">Sie haben als Nutzer das Recht, auf Antrag eine kostenlose Auskunft dar\u00fcber zu erhalten, welche personenbezogenen Daten \u00fcber Sie gespeichert wurden. Sie haben au\u00dferdem das Recht auf Berichtigung falscher Daten und auf die Verarbeitungseinschr\u00e4nkung oder L\u00f6schung Ihrer personenbezogenen Daten. Falls zutreffend, k\u00f6nnen Sie auch Ihr Recht auf Datenportabilit\u00e4t geltend machen. Sollten Sie annehmen, dass Ihre Daten unrechtm\u00e4\u00dfig verarbeitet wurden, k\u00f6nnen Sie eine Beschwerde bei der zust\u00e4ndigen Aufsichtsbeh\u00f6rde einreichen.<\/span><\/span><\/p>\n<p><span style=\"font-family: Helvetica;\"><strong><span style=\"font-size: 12px;\">L\u00f6schung von Daten:<br \/>\n<\/span><\/strong><span style=\"font-size: 12px;\">Sofern Ihr Wunsch nicht mit einer gesetzlichen Pflicht zur Aufbewahrung von Daten (z. B. Vorratsdatenspeicherung) kollidiert, haben Sie ein Anrecht auf L\u00f6schung Ihrer Daten. Von uns gespeicherte Daten werden, sollten sie f\u00fcr ihre Zweckbestimmung nicht mehr vonn\u00f6ten sein und es keine gesetzlichen Aufbewahrungsfristen geben, gel\u00f6scht. Falls eine L\u00f6schung nicht durchgef\u00fchrt werden kann, da die Daten f\u00fcr zul\u00e4ssige gesetzliche Zwecke erforderlich sind, erfolgt eine Einschr\u00e4nkung der Datenverarbeitung. In diesem Fall werden die Daten gesperrt und nicht f\u00fcr andere Zwecke verarbeitet.<br \/>\nSollte Berichte\/Bilder oder Filmmaterial Personenbezogene Daten enthalten, mit denen Sie aus berechtigten Gr\u00fcnden nicht einverstanden sind k\u00f6nnen Sie Kontakt mit dem Websitebetreiber aufnehmen. Dieser wird Ihren Anspruch pr\u00fcfen und die Personenbezogene Daten entsprechend korrigieren oder l\u00f6schen.<\/span><\/span><\/p>\n<p><span style=\"font-family: Helvetica; font-size: 12px;\"><strong>Widerspruchsrecht:<br \/>\n<\/strong>Nutzer dieser Webseite k\u00f6nnen von ihrem Widerspruchsrecht Gebrauch machen und der Verarbeitung ihrer personenbezogenen Daten zu jeder Zeit widersprechen.<br \/>\nWenn Sie eine Berichtigung, Sperrung, L\u00f6schung oder Auskunft \u00fcber die zu Ihrer Person gespeicherten personenbezogenen Daten w\u00fcnschen oder Fragen bzgl. der Erhebung, Verarbeitung oder Verwendung Ihrer personenbezogenen Daten haben oder erteilte Einwilligungen widerrufen m\u00f6chten, wenden Sie sich bitte an den Webmaster.<\/span><\/p>\n<p><span style=\"font-family: Helvetica; font-size: 12px;\"><strong>Urheberrecht:<\/strong><\/span><br \/>\n<span style=\"font-family: Helvetica; font-size: 12px;\">Die erstellten Inhalte und Werke auf diesen Seiten unterliegen dem \u00f6sterreichischen Urheberrecht. Die Vervielf\u00e4ltigung, Bearbeitung, Verbreitung und jede Art der Verwertung au\u00dferhalb der Grenzen des Urheberrechtes bed\u00fcrfen unserer schriftlichen Zustimmung. Downloads und Kopien dieser Seite sind nur f\u00fcr den privaten, nicht kommerziellen Gebrauch gestattet. Soweit die Inhalte auf dieser Seite nicht von uns als Betreiber erstellt wurden, werden die Urheberrechte Dritter beachtet. Insbesondere werden Inhalte Dritter als solche gekennzeichnet. Sollten Sie trotzdem auf eine Urheberrechtsverletzung aufmerksam werden, bitte ich um entsprechende Hinweise.<\/span><\/p>\n<p>&nbsp;<\/p>\n<p><span style=\"font-family: Comic Sans MS, sans-serif; font-size: 14px;\">Loacker Werner<\/span><br \/>\n<span style=\"font-family: Comic Sans MS, sans-serif; font-size: 14px;\">Wolf &#8211; Huber Stra\u00dfe 6<\/span><br \/>\n<span style=\"font-family: Comic Sans MS, sans-serif; font-size: 14px;\">6845 Hohenems<\/span><\/p>\n<p><span style=\"font-family: Comic Sans MS, sans-serif; font-size: 14px;\">Mail:\u00a0 w.loacker@gmx.at<\/span><\/p>\n<p>&nbsp;<\/p>\n","protected":false},"excerpt":{"rendered":"<p>Dies ist eine rein private Homepage. Datenschutzerkl\u00e4rung: Grundlegendes: Diese Datenschutzerkl\u00e4rung soll die Nutzer dieser Seite \u00fcber die Art, den Umfang und den Zweck der Erhebung und Verwendung personenbezogener Daten durch den Webseitenbetreiber informieren. Der Webseitenbetreiber<a class=\"read-more\" href=\"https:\/\/www.welo-hobbys.at\/erika\/impressum-datenschutz\/\">Continue reading<\/a><\/p>\n","protected":false},"author":1,"featured_media":0,"parent":0,"menu_order":0,"comment_status":"closed","ping_status":"closed","template":"","meta":{"footnotes":"","_links_to":"","_links_to_target":""},"class_list":["post-1291","page","type-page","status-publish","hentry"],"_links":{"self":[{"href":"https:\/\/www.welo-hobbys.at\/erika\/wp-json\/wp\/v2\/pages\/1291","targetHints":{"allow":["GET"]}}],"collection":[{"href":"https:\/\/www.welo-hobbys.at\/erika\/wp-json\/wp\/v2\/pages"}],"about":[{"href":"https:\/\/www.welo-hobbys.at\/erika\/wp-json\/wp\/v2\/types\/page"}],"author":[{"embeddable":true,"href":"https:\/\/www.welo-hobbys.at\/erika\/wp-json\/wp\/v2\/users\/1"}],"replies":[{"embeddable":true,"href":"https:\/\/www.welo-hobbys.at\/erika\/wp-json\/wp\/v2\/comments?post=1291"}],"version-history":[{"count":8,"href":"https:\/\/www.welo-hobbys.at\/erika\/wp-json\/wp\/v2\/pages\/1291\/revisions"}],"predecessor-version":[{"id":1303,"href":"https:\/\/www.welo-hobbys.at\/erika\/wp-json\/wp\/v2\/pages\/1291\/revisions\/1303"}],"wp:attachment":[{"href":"https:\/\/www.welo-hobbys.at\/erika\/wp-json\/wp\/v2\/media?parent=1291"}],"curies":[{"name":"wp","href":"https:\/\/api.w.org\/{rel}","templated":true}]}}