{"id":74,"date":"2016-01-13T14:00:37","date_gmt":"2016-01-13T13:00:37","guid":{"rendered":"http:\/\/www.welo-hobbys.at\/erika\/?page_id=74"},"modified":"2024-11-14T11:38:04","modified_gmt":"2024-11-14T10:38:04","slug":"meine-startseite","status":"publish","type":"page","link":"https:\/\/www.welo-hobbys.at\/erika\/","title":{"rendered":"Startseite"},"content":{"rendered":"<p><span style=\"font-family: Comic Sans MS,sans-serif; font-size: 15px;\"><a href=\"http:\/\/www.welo-hobbys.at\/erika\/\"><img loading=\"lazy\" decoding=\"async\" class=\"alignleft wp-image-116\" src=\"http:\/\/www.welo-hobbys.at\/erika\/wp-content\/uploads\/2015\/02\/Patchwork-Mein-Hobby-255x300.jpg\" alt=\"Patchwork - Mein Hobby\" width=\"271\" height=\"319\" srcset=\"https:\/\/www.welo-hobbys.at\/erika\/wp-content\/uploads\/2015\/02\/Patchwork-Mein-Hobby-255x300.jpg 255w, https:\/\/www.welo-hobbys.at\/erika\/wp-content\/uploads\/2015\/02\/Patchwork-Mein-Hobby.jpg 380w\" sizes=\"auto, (max-width: 271px) 100vw, 271px\" \/><\/a><span style=\"color: #003366;\">Vor 41 Jahren habe ich einen Anf\u00e4ngerkurs in Sachen Patchwork besucht.<\/span><br \/>\n<span style=\"color: #003366;\"> Seither verbringe ich einen gro\u00dfen Teil meiner Freizeit an der N\u00e4hmaschine.<\/span><br \/>\n<span style=\"color: #003366;\"> Ich bin sozusagen vom Quilt-Virus befallen.<\/span><br \/>\n<span style=\"color: #003366;\"> Bis heute entstanden zahlreiche Quilts, Wandbeh\u00e4nge, Krabbeldecken und andere Kleinigkeiten<\/span><span style=\"color: #003366;\">:<\/span><\/span><br \/>\n<span style=\"color: #003366; font-family: Comic Sans MS,sans-serif; font-size: 14px;\"><span style=\"font-size: 15px;\"> Ufo\u00b4s (unvollendete) gibt es bei mir \u00e4u\u00dferst selten. In Gedanken bin ich immer schon beim n\u00e4chsten Werk.<\/span><br \/>\n<span style=\"font-size: 15px;\">Eine Auswahl meiner kreativen Arbeit stelle ich hier auf dieser Seite vor. Meine Stoffe beziehe ich selten von Patchworkgesch\u00e4ften.<\/span><br \/>\n<span style=\"font-size: 15px;\">Ich st\u00f6bere lieber in den Werksverk\u00e4ufen der umliegenden Textilkbetriebe.<\/span><br \/>\n<span style=\"font-size: 15px;\">Leider werden derer aber immer weniger. Tolle Stoffe habe ich auch schon auf<\/span><br \/>\n<span style=\"font-size: 15px;\">Flohm\u00e4rkten gefunden. B\u00f6se Zungen behaupten, mein Mann w\u00fcrde vorwiegend T-Shirts tragen, weil ich seine Hemden zu Quilts verarbeite.<\/span><br \/>\n<span style=\"font-size: 15px;\">Ich bin auch Mitglied der Patchworkgruppe Altach. Mittlerweile sind wir 14 quiltw\u00fctige Damen, die sich an jedem ersten Dienstag im Monat treffen.<\/span> <\/span><\/p>\n<p>&nbsp;<\/p>\n<p>&nbsp;<\/p>\n<p>&nbsp;<\/p>\n<p>&nbsp;<\/p>\n<p>&nbsp;<\/p>\n<p>&nbsp;<\/p>\n<p style=\"text-align: left;\"><span style=\"font-family: Comic Sans MS,sans-serif; font-size: 18px;\">\u00a0 \u00a0 \u00a0 \u00a0 \u00a0 \u00a0 \u00a0 \u00a0 \u00a0 \u00a0 \u00a0 \u00a0 \u00a0 \u00a0 \u00a0 \u00a0 \u00a0 <span style=\"font-size: 15px;\"><br \/>\n<\/span><\/span><\/p>\n","protected":false},"excerpt":{"rendered":"<p>Vor 41 Jahren habe ich einen Anf\u00e4ngerkurs in Sachen Patchwork besucht. Seither verbringe ich einen gro\u00dfen Teil meiner Freizeit an der N\u00e4hmaschine. Ich bin sozusagen vom Quilt-Virus befallen. Bis heute entstanden zahlreiche Quilts, Wandbeh\u00e4nge, Krabbeldecken<a class=\"read-more\" href=\"https:\/\/www.welo-hobbys.at\/erika\/\">Continue reading<\/a><\/p>\n","protected":false},"author":1,"featured_media":0,"parent":0,"menu_order":0,"comment_status":"closed","ping_status":"open","template":"","meta":{"footnotes":"","_links_to":"","_links_to_target":""},"class_list":["post-74","page","type-page","status-publish","hentry"],"_links":{"self":[{"href":"https:\/\/www.welo-hobbys.at\/erika\/wp-json\/wp\/v2\/pages\/74","targetHints":{"allow":["GET"]}}],"collection":[{"href":"https:\/\/www.welo-hobbys.at\/erika\/wp-json\/wp\/v2\/pages"}],"about":[{"href":"https:\/\/www.welo-hobbys.at\/erika\/wp-json\/wp\/v2\/types\/page"}],"author":[{"embeddable":true,"href":"https:\/\/www.welo-hobbys.at\/erika\/wp-json\/wp\/v2\/users\/1"}],"replies":[{"embeddable":true,"href":"https:\/\/www.welo-hobbys.at\/erika\/wp-json\/wp\/v2\/comments?post=74"}],"version-history":[{"count":47,"href":"https:\/\/www.welo-hobbys.at\/erika\/wp-json\/wp\/v2\/pages\/74\/revisions"}],"predecessor-version":[{"id":1982,"href":"https:\/\/www.welo-hobbys.at\/erika\/wp-json\/wp\/v2\/pages\/74\/revisions\/1982"}],"wp:attachment":[{"href":"https:\/\/www.welo-hobbys.at\/erika\/wp-json\/wp\/v2\/media?parent=74"}],"curies":[{"name":"wp","href":"https:\/\/api.w.org\/{rel}","templated":true}]}}