{"id":7,"date":"2017-02-07T16:45:23","date_gmt":"2017-02-07T15:45:23","guid":{"rendered":"http:\/\/www.welo-hobbys.at\/laendle-modelltrucker\/?page_id=7"},"modified":"2020-06-30T11:09:37","modified_gmt":"2020-06-30T09:09:37","slug":"startseite-laendle-modelltrucker","status":"publish","type":"page","link":"https:\/\/www.welo-hobbys.at\/laendle-modelltrucker\/","title":{"rendered":"L\u00e4ndle-Modelltrucker"},"content":{"rendered":"<p style=\"text-align: center;\">\n<p>&nbsp;<\/p>\n<p style=\"text-align: left;\"><a href=\"http:\/\/www.welo-hobbys.at\/laendle-modelltrucker\/wp-content\/uploads\/2017\/02\/L\u00e4ndle-Modelltrucker.-jpg.jpg\"><img loading=\"lazy\" decoding=\"async\" class=\"alignleft wp-image-1703 \" src=\"http:\/\/www.welo-hobbys.at\/laendle-modelltrucker\/wp-content\/uploads\/2017\/02\/L\u00e4ndle-Modelltrucker.-jpg-300x229.jpg\" alt=\"\" width=\"326\" height=\"248\" srcset=\"https:\/\/www.welo-hobbys.at\/laendle-modelltrucker\/wp-content\/uploads\/2017\/02\/L\u00e4ndle-Modelltrucker.-jpg-300x229.jpg 300w, https:\/\/www.welo-hobbys.at\/laendle-modelltrucker\/wp-content\/uploads\/2017\/02\/L\u00e4ndle-Modelltrucker.-jpg.jpg 593w\" sizes=\"auto, (max-width: 326px) 100vw, 326px\" \/><\/a><span style=\"font-family: Helvetica; font-size: 15px; color: #000080;\">Wir L\u00e4ndle-Modelltrucker sind eine kleine Gemeinschaft Truck-Modellbauer die sich im J\u00e4nner 2015 zusammen getan hat.<\/span><br \/>\n<span style=\"font-family: Helvetica; font-size: 15px; color: #000080;\"> Wir widmen uns vorwiegend dem Bau von Nutzfahrzeugen aller Art im Ma\u00dfstab 1:14,5 und 1:16. In unserer Gruppe steht der Spa\u00df an unserem Hobby und Kameradschaft im Vordergrund.<\/span><br \/>\n<span style=\"font-family: Helvetica; font-size: 15px; color: #000080;\"> Unter den Fahrzeugen findet man sowohl gut ausgestattete Baukastenmodelle als auch komplette Eigenbauten.<\/span><br \/>\n<span style=\"font-family: Helvetica; font-size: 15px; color: #000080;\"> F\u00fcr Baumaschinen, Stapler und dergleichen ist ebenfalls Platz in unserer Runde.<\/span><br \/>\n<span style=\"font-family: Helvetica; font-size: 15px; color: #000080;\"> Durch gemeinsamen Modellbau wollen wir auch versuchen Jugendlichen dieses Hobby und somit eine sinnvolle Freizeitgestaltung schmackhaft zu machen.<\/span><br \/>\n<span style=\"font-family: Helvetica; font-size: 15px; color: #000080;\"> F\u00fcr Anf\u00e4nger und Interessierte stellen wir Fahrzeuge zum Schnuppern zur Verf\u00fcgung.<\/span><br \/>\n<span style=\"font-family: Helvetica; font-size: 15px; color: #000080;\"> Es ist unser erkl\u00e4rter Entschlu\u00df keinen Verein zu gr\u00fcnden. Wir m\u00f6chten keinerlei Verplichtungen eingehen und unser Hobby ohne mehrseitige Statuten und Vorschriften aus\u00fcben.<\/span><br \/>\n<span style=\"font-family: Helvetica; font-size: 15px; color: #000080;\"> Zum Fahren verabreden wir uns auf bewilligten Parkpl\u00e4tzen und in Tiefgaragen im Bereich zwischen Bregenz und Nenzing.<\/span><br \/>\n<span style=\"font-family: Helvetica; font-size: 15px; color: #000080;\"> Auch der gesellige Teil kommt nicht zu kurz, und so treffen wir uns in gem\u00fctlicher Runde zu einem &#8222;Schwatz&#8220; oder anderen Unternehmungen wo alle Familienangeh\u00f6rigen sowie Freunde, Bekannte immer eingeladen sind.<\/span><\/p>\n<p><span style=\"font-family: Helvetica; font-size: 15px; color: #000080;\"> Sollten wir Ihr Interesse geweckt haben, k\u00f6nnen SIe sich \u00fcber das <a style=\"color: #000080;\" href=\"http:\/\/www.welo-hobbys.at\/laendle-modelltrucker\/kontakt\/\">Kontaktformular<\/a> melden.<\/span><\/p>\n<p><span style=\"color: #800000;\">\u00a0<\/span><\/p>\n<p style=\"text-align: center;\"><span style=\"font-family: Helvetica; font-size: 21px; color: #333399;\">\u00a0<\/span><\/p>\n<p style=\"text-align: center;\"><span style=\"font-family: Helvetica; color: #99cc00;\"><br \/>\n<\/span><span style=\"font-family: Helvetica; font-size: 13px;\"><span style=\"font-size: 14px;\">Info \u00fcber<\/span> <span style=\"font-size: 15px;\"><a href=\"http:\/\/www.welo-hobbys.at\/laendle-modelltrucker\/kontakt\/\">Kontakt<\/a><\/span><\/span><\/p>\n","protected":false},"excerpt":{"rendered":"<p>&nbsp; Wir L\u00e4ndle-Modelltrucker sind eine kleine Gemeinschaft Truck-Modellbauer die sich im J\u00e4nner 2015 zusammen getan hat. Wir widmen uns vorwiegend dem Bau von Nutzfahrzeugen aller Art im Ma\u00dfstab 1:14,5 und 1:16. In unserer Gruppe steht der Spa\u00df an unserem Hobby und Kameradschaft im Vordergrund. Unter den Fahrzeugen findet man sowohl gut ausgestattete Baukastenmodelle als auch &hellip; <a href=\"https:\/\/www.welo-hobbys.at\/laendle-modelltrucker\/\" class=\"more-link\"><span class=\"screen-reader-text\">L\u00e4ndle-Modelltrucker<\/span> weiterlesen <span class=\"meta-nav\">&rarr;<\/span><\/a><\/p>\n","protected":false},"author":1,"featured_media":0,"parent":0,"menu_order":0,"comment_status":"closed","ping_status":"closed","template":"","meta":{"footnotes":"","_links_to":"","_links_to_target":""},"class_list":["post-7","page","type-page","status-publish","hentry"],"_links":{"self":[{"href":"https:\/\/www.welo-hobbys.at\/laendle-modelltrucker\/wp-json\/wp\/v2\/pages\/7","targetHints":{"allow":["GET"]}}],"collection":[{"href":"https:\/\/www.welo-hobbys.at\/laendle-modelltrucker\/wp-json\/wp\/v2\/pages"}],"about":[{"href":"https:\/\/www.welo-hobbys.at\/laendle-modelltrucker\/wp-json\/wp\/v2\/types\/page"}],"author":[{"embeddable":true,"href":"https:\/\/www.welo-hobbys.at\/laendle-modelltrucker\/wp-json\/wp\/v2\/users\/1"}],"replies":[{"embeddable":true,"href":"https:\/\/www.welo-hobbys.at\/laendle-modelltrucker\/wp-json\/wp\/v2\/comments?post=7"}],"version-history":[{"count":202,"href":"https:\/\/www.welo-hobbys.at\/laendle-modelltrucker\/wp-json\/wp\/v2\/pages\/7\/revisions"}],"predecessor-version":[{"id":2634,"href":"https:\/\/www.welo-hobbys.at\/laendle-modelltrucker\/wp-json\/wp\/v2\/pages\/7\/revisions\/2634"}],"wp:attachment":[{"href":"https:\/\/www.welo-hobbys.at\/laendle-modelltrucker\/wp-json\/wp\/v2\/media?parent=7"}],"curies":[{"name":"wp","href":"https:\/\/api.w.org\/{rel}","templated":true}]}}