{"id":800,"date":"2015-05-14T15:19:33","date_gmt":"2015-05-14T13:19:33","guid":{"rendered":"http:\/\/www.welo-hobbys.at\/laendle-modelltrucker\/?page_id=800"},"modified":"2018-08-12T10:12:31","modified_gmt":"2018-08-12T08:12:31","slug":"bilder","status":"publish","type":"page","link":"https:\/\/www.welo-hobbys.at\/laendle-modelltrucker\/bilder\/","title":{"rendered":"Bilder von unseren Treffen"},"content":{"rendered":"<p>&nbsp;<\/p>\n<p><a href=\"http:\/\/www.welo-hobbys.at\/laendle-modelltrucker\/abendfahren-11-8-2018\/\" target=\"_blank\" rel=\"noopener\"><span style=\"font-family: Helvetica; font-size: 15px; color: #000080;\">Abendfahren am 11. August 2018<\/span><\/a><\/p>\n<p><span style=\"font-family: Helvetica; font-size: 15px;\"><span style=\"color: #333399;\"><a style=\"color: #333399;\" href=\"http:\/\/www.welo-hobbys.at\/laendle-modelltrucker\/fruehschoppenfahren-30-5-2018-inhaus\/\" target=\"_blank\" rel=\"noopener\">Fr\u00fchschoppenfahren 30.Mai 2018 B\u00e4derpark Inhaus<\/a><\/span><br \/>\n<a href=\"http:\/\/www.welo-hobbys.at\/laendle-modelltrucker\/nachtfahren-mit-grillen\/\" target=\"_blank\" rel=\"noopener\"><span style=\"color: #333399;\">Nachtfahren mit Grillen 26.Mai 2018<\/span><\/a><br \/>\n<\/span><span style=\"font-family: Helvetica; font-size: 15px;\"><span style=\"color: #000080;\"><a style=\"color: #000080;\" href=\"http:\/\/www.welo-hobbys.at\/laendle-modelltrucker\/fahren-inhaus-15-okt-2017\/\" target=\"_blank\" rel=\"noopener\">Fahren am 15. Okt.2017 Inhaus<\/a><\/span><br \/>\n<\/span><span style=\"font-size: 15px;\"><a href=\"http:\/\/www.welo-hobbys.at\/laendle-modelltrucker\/fahrtag-25-5-2017-beim-marshals-club-vorarlberg\/\"><span style=\"font-family: Helvetica; color: #000080;\">Fahrtag 25. Mai 2017 beim Marshals Club Vorarlberg<\/span><\/a><a href=\"http:\/\/www.welo-hobbys.at\/laendle-modelltrucker\/?p=1965&amp;preview=true\"><span style=\"font-family: Helvetica; color: #000080;\"><br \/>\nTruckerhock am 11. Mai 2017<\/span><\/a><\/span><br \/>\n<span style=\"color: #000080; font-size: 15px;\"> <span style=\"font-family: Helvetica;\"><a style=\"color: #000080;\" href=\"http:\/\/www.welo-hobbys.at\/laendle-modelltrucker\/?p=1868&amp;preview=true\">Besuch im Indoor &#8211; Parcour S\u00fcddeutschland 7. Mai 2017<\/a><br \/>\n<\/span><a style=\"color: #000080;\" href=\"http:\/\/www.welo-hobbys.at\/laendle-modelltrucker\/?p=1788&amp;preview=true\"><span style=\"font-family: Helvetica;\">Fr\u00fchst\u00fcckfahren 26. M\u00e4rz 2017 B\u00e4derpark INHAUS<br \/>\n<\/span><\/a><span style=\"font-family: Helvetica;\"><a style=\"color: #000080;\" href=\"http:\/\/www.welo-hobbys.at\/laendle-modelltrucker\/fruehschoppenfahren-mit-marshals-club-5-5-2016\/\">Fr\u00fchschoppenfahren mit Marshals Club Vorarlberg 5. Mai 2016<br \/>\n<\/a><a style=\"color: #000080;\" href=\"http:\/\/www.welo-hobbys.at\/laendle-modelltrucker\/hindernisfahren-3-4-2016\/\">Hindernisfahren 3. April 2016<\/a><span style=\"font-family: Helvetica;\"><br \/>\n<a style=\"color: #000080;\" href=\"http:\/\/www.welo-hobbys.at\/laendle-modelltrucker\/osterfahren-28-3-2016\/\">Osterfahren 28. M\u00e4rz 2016<\/a><br \/>\n<\/span><\/span><\/span><span style=\"color: #000080; font-size: 15px;\"><span style=\"font-family: Helvetica;\"><a style=\"color: #000080;\" href=\"http:\/\/www.welo-hobbys.at\/laendle-modelltrucker\/fruehstueckfahren-am-6-9-2015-beim-cineplexx\/\">Fr\u00fchst\u00fcckfahren am 6. September 2015 Cineplexx in Hohenems<\/a><a style=\"color: #000080;\" href=\"http:\/\/www.welo-hobbys.at\/laendle-modelltrucker\/fruehstueckfahren-am-6-9-2015-beim-cineplexx\/\"><br \/>\n<\/a><a style=\"color: #000080;\" href=\"http:\/\/www.welo-hobbys.at\/laendle-modelltrucker\/nachtfahren-mit-grillen-4-juli-2015\/\">Nachtfahren mit Grillen am 4. Juli 2015<br \/>\n<\/a><a style=\"color: #000080;\" href=\"http:\/\/www.welo-hobbys.at\/laendle-modelltrucker\/fruehschoppenfahren-28-6-2015\/\">Fr\u00fchschoppenfahren am 28. Juni 2015\u00a0 B\u00e4derpark INHAUS<br \/>\n<\/a><a style=\"color: #000080;\" href=\"http:\/\/www.welo-hobbys.at\/laendle-modelltrucker\/fruehschoppenfahren-31-5-2015\">Fr\u00fchschoppenfahren am 31. Mai 2015\u00a0 B\u00e4derpark INHAUS<br \/>\n<\/a><\/span><\/span><br \/>\n<span style=\"font-family: Helvetica; font-size: 16px; color: #339966;\"> <a style=\"color: #339966;\" href=\"http:\/\/www.welo-hobbys.at\/laendle-modelltrucker\/hindernisfahren-3-4-2016\/\"><br \/>\n<\/a><\/span><\/p>\n<p>&nbsp;<\/p>\n<p>&nbsp;<\/p>\n","protected":false},"excerpt":{"rendered":"<p>&nbsp; Abendfahren am 11. August 2018 Fr\u00fchschoppenfahren 30.Mai 2018 B\u00e4derpark Inhaus Nachtfahren mit Grillen 26.Mai 2018 Fahren am 15. Okt.2017 Inhaus Fahrtag 25. Mai 2017 beim Marshals Club Vorarlberg Truckerhock am 11. Mai 2017 Besuch im Indoor &#8211; Parcour S\u00fcddeutschland 7. Mai 2017 Fr\u00fchst\u00fcckfahren 26. M\u00e4rz 2017 B\u00e4derpark INHAUS Fr\u00fchschoppenfahren mit Marshals Club Vorarlberg 5. &hellip; <a href=\"https:\/\/www.welo-hobbys.at\/laendle-modelltrucker\/bilder\/\" class=\"more-link\"><span class=\"screen-reader-text\">Bilder von unseren Treffen<\/span> weiterlesen <span class=\"meta-nav\">&rarr;<\/span><\/a><\/p>\n","protected":false},"author":1,"featured_media":0,"parent":0,"menu_order":0,"comment_status":"closed","ping_status":"open","template":"","meta":{"footnotes":"","_links_to":"","_links_to_target":""},"class_list":["post-800","page","type-page","status-publish","hentry"],"_links":{"self":[{"href":"https:\/\/www.welo-hobbys.at\/laendle-modelltrucker\/wp-json\/wp\/v2\/pages\/800","targetHints":{"allow":["GET"]}}],"collection":[{"href":"https:\/\/www.welo-hobbys.at\/laendle-modelltrucker\/wp-json\/wp\/v2\/pages"}],"about":[{"href":"https:\/\/www.welo-hobbys.at\/laendle-modelltrucker\/wp-json\/wp\/v2\/types\/page"}],"author":[{"embeddable":true,"href":"https:\/\/www.welo-hobbys.at\/laendle-modelltrucker\/wp-json\/wp\/v2\/users\/1"}],"replies":[{"embeddable":true,"href":"https:\/\/www.welo-hobbys.at\/laendle-modelltrucker\/wp-json\/wp\/v2\/comments?post=800"}],"version-history":[{"count":63,"href":"https:\/\/www.welo-hobbys.at\/laendle-modelltrucker\/wp-json\/wp\/v2\/pages\/800\/revisions"}],"predecessor-version":[{"id":2459,"href":"https:\/\/www.welo-hobbys.at\/laendle-modelltrucker\/wp-json\/wp\/v2\/pages\/800\/revisions\/2459"}],"wp:attachment":[{"href":"https:\/\/www.welo-hobbys.at\/laendle-modelltrucker\/wp-json\/wp\/v2\/media?parent=800"}],"curies":[{"name":"wp","href":"https:\/\/api.w.org\/{rel}","templated":true}]}}